{"id":1825,"date":"2020-08-23T22:28:10","date_gmt":"2020-08-23T21:28:10","guid":{"rendered":"http:\/\/www.revistaelhipogrifo.com\/?page_id=1825"},"modified":"2020-09-23T21:31:11","modified_gmt":"2020-09-23T20:31:11","slug":"13-2020","status":"publish","type":"page","link":"https:\/\/www.revistaelhipogrifo.com\/?page_id=1825","title":{"rendered":"13 [2020]"},"content":{"rendered":"\n<p><\/p>\n\n\n\n<p><strong><span class=\"has-inline-color has-white-color\">\/\/\/ EL HIPOGRIFO HISP\u00c1NICO<\/span><\/strong><\/p>\n\n\n\n<p><strong><span style=\"color:#35bae9\" class=\"has-inline-color\">Mariano Domingo.<\/span> <\/strong><span style=\"color:#f9e61c\" class=\"has-inline-color\">Poes\u00eda y metr\u00f3poli: Im\u00e1genes de la ciudad en Roger Wolfe<\/span> <a href=\"http:\/\/www.revistaelhipogrifo.com\/wp-content\/uploads\/2020\/09\/1-11-2.pdf\"><strong><span class=\"has-inline-color has-white-color\">1-11<\/span><\/strong><\/a>    <\/p>\n\n\n\n<p><span style=\"color:#35bae9\" class=\"has-inline-color\"><strong>E. Helena Houvenaghel.<\/strong><\/span> <span style=\"color:#f9e61c\" class=\"has-inline-color\">Hibridez gen\u00e9rica en el espejo: Angelina Mu\u00f1iz-Huberman y Mar\u00eda Zambrano<\/span> <a href=\"http:\/\/www.revistaelhipogrifo.com\/wp-content\/uploads\/2020\/09\/12-24-1.pdf\"><strong><span class=\"has-inline-color has-white-color\">12-24<\/span><\/strong><\/a> <span class=\"has-inline-color has-white-color\"> <\/span><\/p>\n\n\n\n<p><strong><span class=\"has-inline-color has-white-color\">\/\/\/ ENTREVISTAS<\/span><\/strong><\/p>\n\n\n\n<p><strong><span style=\"color:#35bae9\" class=\"has-inline-color\">Isidoro de Pascale.<\/span><\/strong> <span style=\"color:#f9e61c\" class=\"has-inline-color\">La escritura como salvaci\u00f3n. Entrevista a la escritora chilena Nieves Fuenzalida<\/span> <strong><a href=\"http:\/\/www.revistaelhipogrifo.com\/wp-content\/uploads\/2020\/09\/25-27.pdf\" rel=\"nofollow\"><span class=\"has-inline-color has-white-color\">25-27<\/span><\/a><\/strong><\/p>\n\n\n\n<p><\/p>\n\n\n\n<p><strong><span class=\"has-inline-color has-white-color\">\/\/\/ MISCEL\u00c1NEA<\/span><\/strong><\/p>\n\n\n\n<p><strong><span style=\"color:#35bae9\" class=\"has-inline-color\">Cynthia Carggiolis Abarza.<\/span><\/strong> <span style=\"color:#f9e61c\" class=\"has-inline-color\">Cartomancia o el m\u00edstico arte de escribir el presagio: Revisando <em>Los juegos peligrosos <\/em>(1962) de Olga Orozco<\/span> <a href=\"http:\/\/www.revistaelhipogrifo.com\/wp-content\/uploads\/2020\/09\/28-40-1.pdf\"><strong><span class=\"has-inline-color has-white-color\">28-40<\/span><\/strong><\/a> <\/p>\n\n\n\n<p><span style=\"color:#35bae9\" class=\"has-inline-color\"><strong>Francesca Paola Casmiro Gallo.<\/strong> <\/span><span style=\"color:#f9e61c\" class=\"has-inline-color\">Un estudio sobre la literatura zapatista. &nbsp;El Viejo Antonio y Durito cuentan las historias de Chiapas<\/span> <a href=\"http:\/\/www.revistaelhipogrifo.com\/wp-content\/uploads\/2020\/09\/41-53-1.pdf\"><strong><span class=\"has-inline-color has-white-color\">41-53<\/span><\/strong><\/a><\/p>\n\n\n\n<p><strong><span style=\"color:#35bae9\" class=\"has-inline-color\">Carlos Garc\u00eda.<\/span><\/strong> <span style=\"color:#f9e61c\" class=\"has-inline-color\">Huellas de Herwarth Walden en Hispanoam\u00e9rica (1920-1928)<\/span> <strong><a href=\"http:\/\/www.revistaelhipogrifo.com\/wp-content\/uploads\/2020\/09\/54-66-1.pdf\"><span class=\"has-inline-color has-white-color\">54-66<\/span><\/a><\/strong><\/p>\n\n\n\n<p><strong><span style=\"color:#35bae9\" class=\"has-inline-color\">Rogelio Guedea.<\/span><\/strong> <span style=\"color:#f9e61c\" class=\"has-inline-color\">Pedro Mir: un poema para dignificar un pa\u00eds<\/span> <a href=\"http:\/\/www.revistaelhipogrifo.com\/wp-content\/uploads\/2020\/09\/67-75-1.pdf\"><strong><span class=\"has-inline-color has-white-color\">67-75<\/span><\/strong><\/a>  <span style=\"color:#ffffff\" class=\"has-inline-color\"> <\/span><span class=\"has-inline-color has-white-color\"> <\/span><\/p>\n\n\n\n<p><span style=\"color:#35bae9\" class=\"has-inline-color\"><strong>Djibril Mbaye.<\/strong> <\/span><span style=\"color:#f9e61c\" class=\"has-inline-color\">Imaginario e imagen: la representaci\u00f3n del negro en <em>La internacional argentina <\/em>de Copi<\/span> <a href=\"http:\/\/www.revistaelhipogrifo.com\/wp-content\/uploads\/2020\/09\/76-86-2.pdf\"><strong><span class=\"has-inline-color has-white-color\">76-86<\/span><\/strong><\/a><\/p>\n\n\n\n<p><span style=\"color:#35bae9\" class=\"has-inline-color\"><strong>Liliana Swiderski.<\/strong> <\/span><span style=\"color:#f9e61c\" class=\"has-inline-color\"><em>Desierto sonoro<\/em>, de Valeria Luiselli: en b\u00fasqueda de los \u00abni\u00f1os perdidos\u00bb<\/span> <a href=\"http:\/\/www.revistaelhipogrifo.com\/wp-content\/uploads\/2020\/09\/87-100.pdf\"><strong><span class=\"has-inline-color has-white-color\">87-100<\/span><\/strong><\/a><\/p>\n\n\n\n<p><strong><span style=\"color:#35bae9\" class=\"has-inline-color\">Salvador Vera Ponce y Ma. de Lourdes Ortiz S\u00e1nchez.<\/span><\/strong> <span style=\"color:#f9e61c\" class=\"has-inline-color\">Un enfoque desde la logom\u00edtica en <em>Las dos orillas<\/em> de Carlos Fuentes<\/span> <a href=\"http:\/\/www.revistaelhipogrifo.com\/wp-content\/uploads\/2020\/09\/101-111.pdf\"><strong><span class=\"has-inline-color has-white-color\">101-111<\/span><\/strong><\/a> <\/p>\n\n\n\n<p><strong><span style=\"color:#35bae9\" class=\"has-inline-color\">Julieta Yelin.<\/span><\/strong> <span style=\"color:#f9e61c\" class=\"has-inline-color\">La <em>vida otra<\/em> de Hebe Uhart. Pensamiento c\u00ednico y sabidur\u00eda animal en sus textos tard\u00edos<\/span> <a href=\"http:\/\/www.revistaelhipogrifo.com\/wp-content\/uploads\/2020\/09\/112-124.pdf\"><strong><span class=\"has-inline-color has-white-color\">112-124<\/span><\/strong><\/a><\/p>\n\n\n\n<p><strong><span style=\"color:#30b4f2\" class=\"has-inline-color\">N\u00e9stor Ponce. <\/span><\/strong><span style=\"color:#efe417\" class=\"has-inline-color\">V\u00edctor Garc\u00eda: Mitos en el escenario<\/span> <a href=\"http:\/\/www.revistaelhipogrifo.com\/wp-content\/uploads\/2020\/09\/125-132.pdf\"><strong><span class=\"has-inline-color has-white-color\">125-132<\/span><\/strong><\/a><span class=\"has-inline-color has-white-color\"> <\/span><\/p>\n\n\n\n<p><\/p>\n\n\n\n<p><strong><span class=\"has-inline-color has-white-color\">\/\/\/ CREACI\u00d3N<\/span><\/strong><\/p>\n\n\n\n<p><span style=\"color:#35bae9\" class=\"has-inline-color\"><strong>Jes\u00fas Miguel Delgado Del Aguila (PER\u00da).<\/strong> <\/span><span style=\"color:#f9e61c\" class=\"has-inline-color\">\u00abLa revancha\u00bb<\/span> <a href=\"http:\/\/www.revistaelhipogrifo.com\/wp-content\/uploads\/2020\/09\/133-145.pdf\"><strong><span class=\"has-inline-color has-white-color\">133-145<\/span><\/strong><\/a><\/p>\n\n\n\n<p><strong><span style=\"color:#35bae9\" class=\"has-inline-color\">Roberto Garc\u00eda de Mesa (ESPA\u00d1A).<\/span><\/strong> <span style=\"color:#f9e61c\" class=\"has-inline-color\">\u00abCambiar de moneda\u00bb<\/span> <strong><a href=\"http:\/\/www.revistaelhipogrifo.com\/wp-content\/uploads\/2020\/09\/146-148.pdf\"><span class=\"has-inline-color has-white-color\">146-148<\/span><\/a><\/strong><\/p>\n\n\n\n<p><strong><span style=\"color:#35bae9\" class=\"has-inline-color\">Marco Martos (PER\u00da).<\/span><\/strong> <span style=\"color:#f9e61c\" class=\"has-inline-color\">\u00abAmanecer en N\u00e1poles\u00bb<\/span> <strong><a href=\"http:\/\/www.revistaelhipogrifo.com\/wp-content\/uploads\/2020\/09\/149-150.pdf\"><span class=\"has-inline-color has-white-color\">149-150<\/span><\/a><\/strong><\/p>\n\n\n\n<p><strong><span style=\"color:#35bae9\" class=\"has-inline-color\">Nilton Santiago (PER\u00da).<\/span><\/strong> <span style=\"color:#f9e61c\" class=\"has-inline-color\">Selecci\u00f3n de <em>Historia universal del etc\u00e9tera <\/em><\/span><strong><a href=\"http:\/\/www.revistaelhipogrifo.com\/wp-content\/uploads\/2020\/09\/151-157-1.pdf\"><span class=\"has-inline-color has-white-color\">151-157<\/span><\/a><\/strong><\/p>\n\n\n\n\n\n<p><\/p>\n\n\n\n<p><strong><span class=\"has-inline-color has-white-color\">\/\/\/ RESE\u00d1AS<\/span><\/strong><\/p>\n\n\n\n<p><strong><span style=\"color:#35bae9\" class=\"has-inline-color\">Fernanda Elisa Bravo Herrera.<\/span><\/strong><em> <\/em><span style=\"color:#f9e61c\" class=\"has-inline-color\"><em>Voces del Plata. Hacia una constelaci\u00f3n transatl\u00e1ntica<\/em>, de Celia de Aldama Ord\u00f3\u00f1ez<\/span> <strong><a href=\"http:\/\/www.revistaelhipogrifo.com\/wp-content\/uploads\/2020\/09\/158-161.pdf\"><span class=\"has-inline-color has-white-color\">158-161<\/span><\/a><\/strong><\/p>\n\n\n\n<p><strong><span style=\"color:#35bae9\" class=\"has-inline-color\">Luis Escamilla Fr\u00edas.<\/span><\/strong> <span style=\"color:#f9e61c\" class=\"has-inline-color\"><em>El incendio de la mina El Bordo<\/em>, de Yuri Herrera<\/span> <a href=\"http:\/\/www.revistaelhipogrifo.com\/wp-content\/uploads\/2020\/09\/162-165.pdf\"><strong><span class=\"has-inline-color has-white-color\">162-165<\/span><\/strong><\/a><\/p>\n\n\n\n<p><strong><span style=\"color:#35bae9\" class=\"has-inline-color\">Giuseppe Gatti Riccardi.<\/span><em> <\/em><\/strong><span style=\"color:#f9e61c\" class=\"has-inline-color\"><em>Capovolgere il mondo. Saggio sulla cronaca andina di Felipe Huaman Poma, <\/em>de Carlos Miguel Salazar<\/span> <a href=\"http:\/\/www.revistaelhipogrifo.com\/wp-content\/uploads\/2020\/09\/166-170.pdf\"><strong><span class=\"has-inline-color has-white-color\">166-170<\/span><\/strong><\/a><\/p>\n\n\n\n<p><strong><span style=\"color:#35bae9\" class=\"has-inline-color\">Rafael Herra.<\/span><\/strong> <span style=\"color:#f9e61c\" class=\"has-inline-color\"><em>Diario de la histeria<\/em>, de Gabriela Pe\u00f1a-Valle<\/span> <strong><a href=\"http:\/\/www.revistaelhipogrifo.com\/wp-content\/uploads\/2020\/09\/171-174.pdf\"><span class=\"has-inline-color has-white-color\">171-174<\/span><\/a><\/strong> <\/p>\n\n\n\n<p><span style=\"color:#35bae9\" class=\"has-inline-color\"><strong>Matteo Lobina.<\/strong> <\/span><span style=\"color:#f9e61c\" class=\"has-inline-color\"><em>Mujeres blancas<\/em>, de Jos\u00e9 Mart\u00ednez Rubio <\/span><a href=\"http:\/\/www.revistaelhipogrifo.com\/wp-content\/uploads\/2020\/09\/175-178-3.pdf\"><strong><span class=\"has-inline-color has-white-color\">175-178<\/span><\/strong><\/a><span style=\"color:#f9e61c\" class=\"has-inline-color\"> <\/span>  <span class=\"has-inline-color has-light-gray-color\"> <\/span><\/p>\n\n\n\n<p><strong><span style=\"color:#35bae9\" class=\"has-inline-color\">Marisol Luna Ch\u00e1vez.<\/span><\/strong> <span style=\"color:#f9e61c\" class=\"has-inline-color\"><em>Barrio Santa Tere. Retrato de un adolescente<\/em>, de Marco Aurelio Larios<\/span> <a href=\"http:\/\/www.revistaelhipogrifo.com\/wp-content\/uploads\/2020\/09\/179-181.pdf\"><strong><span class=\"has-inline-color has-white-color\">179-181<\/span><\/strong><\/a><\/p>\n\n\n\n<p><\/p>\n\n\n\n<p><strong><em><span class=\"has-inline-color has-black-color\">&#8230;&#8230;&#8230;&#8230;&#8230;&#8230;&#8230;&#8230;&#8230;&#8230;&#8230;&#8230;.<\/span><span class=\"has-inline-color has-white-color\">ISSN 2420-918X<\/span><\/em><\/strong><\/p>\n\n\n\n<pre class=\"wp-block-preformatted\"><\/pre>\n","protected":false},"excerpt":{"rendered":"<p>\/\/\/ EL HIPOGRIFO HISP\u00c1NICO Mariano Domingo. Poes\u00eda y metr\u00f3poli: Im\u00e1genes de la ciudad en Roger Wolfe 1-11 E. Helena Houvenaghel. Hibridez gen\u00e9rica en el espejo: Angelina Mu\u00f1iz-Huberman y Mar\u00eda Zambrano 12-24 \/\/\/ ENTREVISTAS Isidoro de Pascale. La escritura como salvaci\u00f3n. &hellip; <a href=\"https:\/\/www.revistaelhipogrifo.com\/?page_id=1825\">Sigue leyendo <span class=\"meta-nav\">&rarr;<\/span><\/a><\/p>\n","protected":false},"author":2,"featured_media":0,"parent":0,"menu_order":0,"comment_status":"closed","ping_status":"closed","template":"","meta":[],"yoast_head":"<!-- This site is optimized with the Yoast SEO plugin v14.8 - https:\/\/yoast.com\/wordpress\/plugins\/seo\/ -->\n<title>13 [2020] - Cuadernos del Hipogrifo<\/title>\n<meta name=\"robots\" content=\"index, follow\" \/>\n<meta name=\"googlebot\" content=\"index, follow, max-snippet:-1, max-image-preview:large, max-video-preview:-1\" \/>\n<meta name=\"bingbot\" content=\"index, follow, max-snippet:-1, max-image-preview:large, max-video-preview:-1\" \/>\n<link rel=\"canonical\" href=\"http:\/\/www.revistaelhipogrifo.com\/?page_id=1825\" \/>\n<meta property=\"og:locale\" content=\"es_ES\" \/>\n<meta property=\"og:type\" content=\"article\" \/>\n<meta property=\"og:title\" content=\"13 [2020] - Cuadernos del Hipogrifo\" \/>\n<meta property=\"og:description\" content=\"\/\/\/ EL HIPOGRIFO HISP\u00c1NICO Mariano Domingo. Poes\u00eda y metr\u00f3poli: Im\u00e1genes de la ciudad en Roger Wolfe 1-11 E. Helena Houvenaghel. Hibridez gen\u00e9rica en el espejo: Angelina Mu\u00f1iz-Huberman y Mar\u00eda Zambrano 12-24 \/\/\/ ENTREVISTAS Isidoro de Pascale. La escritura como salvaci\u00f3n. &hellip; Sigue leyendo &rarr;\" \/>\n<meta property=\"og:url\" content=\"http:\/\/www.revistaelhipogrifo.com\/?page_id=1825\" \/>\n<meta property=\"og:site_name\" content=\"Cuadernos del Hipogrifo\" \/>\n<meta property=\"article:modified_time\" content=\"2020-09-23T20:31:11+00:00\" \/>\n<script type=\"application\/ld+json\" class=\"yoast-schema-graph\">{\"@context\":\"https:\/\/schema.org\",\"@graph\":[{\"@type\":\"WebSite\",\"@id\":\"https:\/\/www.revistaelhipogrifo.com\/#website\",\"url\":\"https:\/\/www.revistaelhipogrifo.com\/\",\"name\":\"Cuadernos del Hipogrifo\",\"description\":\"REVISTA SEMESTRAL DE LITERATURA HISPANOAMERICANA Y COMPARADA\",\"potentialAction\":[{\"@type\":\"SearchAction\",\"target\":\"https:\/\/www.revistaelhipogrifo.com\/?s={search_term_string}\",\"query-input\":\"required name=search_term_string\"}],\"inLanguage\":\"es\"},{\"@type\":\"WebPage\",\"@id\":\"http:\/\/www.revistaelhipogrifo.com\/?page_id=1825#webpage\",\"url\":\"http:\/\/www.revistaelhipogrifo.com\/?page_id=1825\",\"name\":\"13 [2020] - Cuadernos del Hipogrifo\",\"isPartOf\":{\"@id\":\"https:\/\/www.revistaelhipogrifo.com\/#website\"},\"datePublished\":\"2020-08-23T21:28:10+00:00\",\"dateModified\":\"2020-09-23T20:31:11+00:00\",\"inLanguage\":\"es\",\"potentialAction\":[{\"@type\":\"ReadAction\",\"target\":[\"http:\/\/www.revistaelhipogrifo.com\/?page_id=1825\"]}]}]}<\/script>\n<!-- \/ Yoast SEO plugin. -->","_links":{"self":[{"href":"https:\/\/www.revistaelhipogrifo.com\/index.php?rest_route=\/wp\/v2\/pages\/1825"}],"collection":[{"href":"https:\/\/www.revistaelhipogrifo.com\/index.php?rest_route=\/wp\/v2\/pages"}],"about":[{"href":"https:\/\/www.revistaelhipogrifo.com\/index.php?rest_route=\/wp\/v2\/types\/page"}],"author":[{"embeddable":true,"href":"https:\/\/www.revistaelhipogrifo.com\/index.php?rest_route=\/wp\/v2\/users\/2"}],"replies":[{"embeddable":true,"href":"https:\/\/www.revistaelhipogrifo.com\/index.php?rest_route=%2Fwp%2Fv2%2Fcomments&post=1825"}],"version-history":[{"count":50,"href":"https:\/\/www.revistaelhipogrifo.com\/index.php?rest_route=\/wp\/v2\/pages\/1825\/revisions"}],"predecessor-version":[{"id":1941,"href":"https:\/\/www.revistaelhipogrifo.com\/index.php?rest_route=\/wp\/v2\/pages\/1825\/revisions\/1941"}],"wp:attachment":[{"href":"https:\/\/www.revistaelhipogrifo.com\/index.php?rest_route=%2Fwp%2Fv2%2Fmedia&parent=1825"}],"curies":[{"name":"wp","href":"https:\/\/api.w.org\/{rel}","templated":true}]}}