{"id":831,"date":"2015-12-15T10:41:26","date_gmt":"2015-12-15T09:41:26","guid":{"rendered":"http:\/\/www.revistaelhipogrifo.com\/?page_id=831"},"modified":"2024-09-18T08:09:56","modified_gmt":"2024-09-18T07:09:56","slug":"numero-4-2do-semestre-2015","status":"publish","type":"page","link":"https:\/\/www.revistaelhipogrifo.com\/?page_id=831","title":{"rendered":"04 [2015]"},"content":{"rendered":"<header class=\"entry-header\">\n<h5 style=\"text-align: right;\"><span style=\"color: #ffffff;\"><em><strong>ISSN&nbsp;2420-918X&nbsp;<\/strong><\/em><\/span><\/h5>\n<\/header>\n<h4><span style=\"color: #ffffff;\"><b>\/\/\/ EL HIPOGRIFO HISP\u00c1NICO<\/b><\/span><\/h4>\n<h4><span style=\"color: #10e0b0;\"><strong>Vicente de Jes\u00fas Fern\u00e1ndez Mora.<\/strong> <\/span><span style=\"color: #eb158e;\"><em>El Homenaje de Revueltas a Lorca. Un encuentro entre m\u00fasica y poes\u00eda, arte y pol\u00edtica, nacionalismo y universalismo&nbsp;<\/em><span style=\"color: #ffffff;\"><strong><a style=\"color: #ffffff;\" href=\"http:\/\/www.revistaelhipogrifo.com\/wp-content\/uploads\/2015\/12\/1-18.pdf\" rel=\"\">1-18<\/a><\/strong><\/span><\/span><\/h4>\n<h4><strong><span style=\"color: #10e0b0;\">Anna Marras.<\/span><\/strong>&nbsp;<span style=\"color: #eb158e;\"><em>Un joven fauno robusto <\/em>y violento. Ricerca sulla poesia panica di Salvador Rueda <span style=\"color: #ffffff;\"><strong><a style=\"color: #ffffff;\" href=\"http:\/\/www.revistaelhipogrifo.com\/wp-content\/uploads\/2015\/12\/19-44-3.pdf\" rel=\"\">19-44<\/a><\/strong><\/span><\/span><\/h4>\n<h4><strong><span style=\"color: #10e0b0;\">Laura Scarano.<\/span><\/strong> <span style=\"color: #eb158e;\"><em>\u00ab<\/em><em>Aquel t\u00edmido Luis\u2026\u00bb Garc\u00eda Montero en los bordes del nombre <\/em><span style=\"color: #ffffff;\"><strong><a style=\"color: #ffffff;\" href=\"http:\/\/www.revistaelhipogrifo.com\/wp-content\/uploads\/2015\/12\/45-73-2.pdf\" rel=\"\">45-73<\/a><\/strong><\/span><\/span><\/h4>\n<h5><\/h5>\n<h5><span style=\"color: #ffffff;\"><b>\/\/\/ ESTUDIOS MARECHALIANOS<\/b><\/span><\/h5>\n<h4><strong><span style=\"color: #10e0b0;\">Ana Mar\u00eda Davis Gonz\u00e1lez.<\/span> <\/strong><span style=\"color: #eb158e;\"><em>El viaje de Lisandro Far\u00edas: un recorrido de descenso y ascenso en \u00abEl Banquete de Severo Arc\u00e1ngelo\u00bb <\/em><span style=\"color: #ffffff;\"><strong><a style=\"color: #ffffff;\" href=\"http:\/\/www.revistaelhipogrifo.com\/wp-content\/uploads\/2015\/12\/74-87.pdf\" rel=\"\">74-87<\/a><\/strong><\/span><\/span><\/h4>\n<h5><strong><span style=\"color: #10e0b0;\">Mirko Olivati.<\/span><\/strong> <span style=\"color: #eb158e;\"><em>Incidenza e importanza delle figure del fl\u00e2neur nell\u2019opera di Roberto Arlt e Leopoldo Marechal <\/em><span style=\"color: #ffffff;\"><strong><a style=\"color: #ffffff;\" href=\"http:\/\/www.revistaelhipogrifo.com\/wp-content\/uploads\/2015\/12\/88-107.pdf\" rel=\"\">88-107<\/a><\/strong><\/span><\/span><\/h5>\n<h5><\/h5>\n<h5><\/h5>\n<h5><span style=\"color: #ffffff;\"><b>\/\/\/ EL HIPOGRIFO IT\u00c1LICO<\/b><\/span><\/h5>\n<h5><strong><span style=\"color: #10e0b0;\">\u00c1ngel de la Torre.<\/span> <\/strong><span style=\"color: #eb158e;\"><em>Geograf\u00eda y desdoblamiento en la poes\u00eda de Edoardo Sanguineti: algunas presencias hisp\u00e1nicas <\/em><span style=\"color: #ffffff;\"><strong><a style=\"color: #ffffff;\" href=\"http:\/\/www.revistaelhipogrifo.com\/wp-content\/uploads\/2015\/12\/108-115.pdf\" rel=\"\">108-115<\/a><\/strong><\/span><\/span><\/h5>\n<h5><\/h5>\n<h5><\/h5>\n<h5><\/h5>\n<h5><\/h5>\n<h5><\/h5>\n<h5><span style=\"color: #ffcc00;\"><strong>\/\/\/ MONOGR\u00c1FICA<\/strong><\/span><\/h5>\n<h5><span style=\"color: #ffffff;\"><em>Representaciones de lo femenino en los nuevos mitos: la bruja, la amazona, el andr\u00f3gino, el hermafrodita y Medusa&nbsp;<\/em><\/span><\/h5>\n<h5><\/h5>\n<h5><span style=\"color: #10e0b0;\"><strong>Carole Vi\u00f1als (Coord.).<\/strong><\/span>&nbsp;<span style=\"color: #eb158e;\"><em>Introducci\u00f3n <\/em><span style=\"color: #ffffff;\"><strong><a style=\"color: #ffffff;\" href=\"http:\/\/www.revistaelhipogrifo.com\/wp-content\/uploads\/2015\/12\/116-124-1.pdf\" rel=\"\">116-124<\/a><\/strong><\/span><\/span><\/h5>\n<h5><span style=\"color: #10e0b0;\"><strong>Myl\u00e8ne Bilot.<\/strong><\/span> <em><span style=\"color: #eb158e;\">Drag feminity: el caso Cindy Sherman. Figuras de la metamorfosis (el travesti y el andr\u00f3gino) para acercarse a la problem\u00e1tica de g\u00e9nero en historia del arte <\/span><\/em><span style=\"color: #ffffff;\"><strong><a style=\"color: #ffffff;\" href=\"http:\/\/www.revistaelhipogrifo.com\/wp-content\/uploads\/2015\/12\/125-134.pdf\" rel=\"\">125-134<\/a><\/strong><\/span><br \/>\n<strong><span style=\"color: #10e0b0;\">Mar\u00eda Carrillo Espinosa.<\/span> <\/strong><span style=\"color: #eb158e;\"><em>Apolog\u00eda de Medusa. Significaciones corporales en \u00abEl espejo de Atenea\u00bb de Mar\u00eda Zambrano <\/em><span style=\"color: #ffffff;\"><strong><a style=\"color: #ffffff;\" href=\"http:\/\/www.revistaelhipogrifo.com\/wp-content\/uploads\/2015\/12\/135-143.pdf\" rel=\"\">135-143<\/a><\/strong><\/span><\/span><br \/>\n<strong><span style=\"color: #10e0b0;\">Eug\u00e9nie Romon.<\/span><\/strong> <span style=\"color: #eb158e;\"><em>Donde nadie te encuentre: cuando la naturaleza humana obliga a escapar <\/em><span style=\"color: #ffffff;\"><strong><a style=\"color: #ffffff;\" href=\"http:\/\/www.revistaelhipogrifo.com\/wp-content\/uploads\/2015\/12\/144-153.pdf\" rel=\"\">144-153<\/a><\/strong><\/span><\/span><br \/>\n<strong><span style=\"color: #10e0b0;\">Denis Vigneron.<\/span><\/strong> <span style=\"color: #eb158e;\"><em>Hildegart Rodriguez Carballeira: la educaci\u00f3n feminista de una Amazona que no pudo ser <\/em><span style=\"color: #ffffff;\"><strong><a style=\"color: #ffffff;\" href=\"http:\/\/www.revistaelhipogrifo.com\/wp-content\/uploads\/2015\/12\/154-165.pdf\" rel=\"\">154-165<\/a><\/strong><\/span><\/span><br \/>\n<strong><span style=\"color: #10e0b0;\">Carole Vi\u00f1als.<\/span><\/strong> <span style=\"color: #eb158e;\"><em>La figura de la bruja en \u00abLos altillos de Brumal\u00bb de Cristina Fern\u00e1ndez Cubas: saber femenino y metamorfosis del mito <\/em><span style=\"color: #ffffff;\"><strong><a style=\"color: #ffffff;\" href=\"http:\/\/www.revistaelhipogrifo.com\/wp-content\/uploads\/2015\/12\/166-179-1.pdf\" rel=\"\">166-179<\/a><\/strong><\/span><\/span><\/h5>\n<h4><\/h4>\n<h4><span style=\"color: #ffffff;\"><b>\/\/\/ MISCEL\u00c1NEA&nbsp;<\/b><\/span><\/h4>\n<h4><strong><span style=\"color: #10e0b0;\">Malva E. Filer.<\/span> <\/strong><span style=\"color: #eb158e;\"><em>La inserci\u00f3n de lo fant\u00e1stico en el mundo televisivo global de Sergio Bizzio <\/em><span style=\"color: #ffffff;\"><strong><a style=\"color: #ffffff;\" href=\"http:\/\/www.revistaelhipogrifo.com\/wp-content\/uploads\/2015\/12\/180-187.pdf\" rel=\"\">180-187<\/a><\/strong><\/span><em>&nbsp;<\/em><\/span><\/h4>\n<h4><strong><span style=\"color: #10e0b0;\">Juan Pablo Luppi.<\/span> <\/strong><span style=\"color: #eb158e;\"><em>La novela argentina fundada por un vago que silba (y dicta). \u00abPot-pourr\u00ed\u00bb de Cambaceres <\/em><span style=\"color: #ffffff;\"><strong><a style=\"color: #ffffff;\" href=\"http:\/\/www.revistaelhipogrifo.com\/wp-content\/uploads\/2015\/12\/188-204.pdf\" rel=\"\">188-204<\/a><\/strong><\/span><\/span><\/h4>\n<h4><strong><span style=\"color: #10e0b0;\">Djibril Mbaye.<\/span><\/strong> <span style=\"color: #eb158e;\"><em>Viaje e identidad en \u00abLa liebre\u00bb de C\u00e9sar Aira <\/em><span style=\"color: #ffffff;\"><strong><a style=\"color: #ffffff;\" href=\"http:\/\/www.revistaelhipogrifo.com\/wp-content\/uploads\/2015\/12\/205-217.pdf\" rel=\"\">205-217<\/a><\/strong><\/span><\/span><\/h4>\n<h4><strong><span style=\"color: #10e0b0;\">Celina Manzoni<\/span><\/strong><em><strong><span style=\"color: #10e0b0;\">.<\/span><\/strong> <span style=\"color: #eb158e;\">Leer, escribir, reescribir. Fragmento y totalidad en \u00abVista del amanecer en el tr\u00f3pico\u00bb, de Cabrera Infante&nbsp;<\/span><\/em><span style=\"color: #ffffff;\"><strong><a style=\"color: #ffffff;\" href=\"http:\/\/www.revistaelhipogrifo.com\/wp-content\/uploads\/2015\/12\/218-235.pdf\" rel=\"\">218-235<\/a><\/strong><\/span><\/h4>\n<h4><strong><span style=\"color: #10e0b0;\">Guy Merlin Nana Tadoun.<\/span> <\/strong><span style=\"color: #eb158e;\"><em>El proceso escritural de \u00abNuevo soneto para Helena\u00bb de Pablo Neruda, lector de Ronsard: la periferia poem\u00e1tica como preludio a la hipertextualidad expl\u00edcita <\/em><span style=\"color: #ffffff;\"><strong><a style=\"color: #ffffff;\" href=\"http:\/\/www.revistaelhipogrifo.com\/wp-content\/uploads\/2015\/12\/236-250.pdf\" rel=\"\">236-250<\/a><\/strong><\/span><\/span><\/h4>\n<h4><\/h4>\n<h4><strong><span style=\"color: #10e0b0;\">Francisca Rojas Bahamondes.<\/span> <\/strong><span style=\"color: #eb158e;\"><em>Colectividad, lenguaje y amor en los descampados sudamericanos de Ra\u00fal Zurita <\/em><span style=\"color: #ffffff;\"><strong><a style=\"color: #ffffff;\" href=\"http:\/\/www.revistaelhipogrifo.com\/wp-content\/uploads\/2015\/12\/251-267-1.pdf\" rel=\"\">251-267<\/a><\/strong><\/span><\/span><\/h4>\n<h4><strong><span style=\"color: #10e0b0;\">Roc\u00edo Mart\u00ednez Vel\u00e1zquez.<\/span> <\/strong><span style=\"color: #eb158e;\"><em>Los inicios de la globalizaci\u00f3n en la narrativa mexicana: la generaci\u00f3n del Crack <\/em><span style=\"color: #ffffff;\"><strong><a style=\"color: #ffffff;\" href=\"http:\/\/www.revistaelhipogrifo.com\/wp-content\/uploads\/2015\/12\/268-279.pdf\" rel=\"\">268-279<\/a><\/strong><\/span><em>&nbsp;<\/em><\/span><\/h4>\n<h4><strong><span style=\"color: #10e0b0;\">Isabel Zwanck.<\/span> <\/strong><span style=\"color: #eb158e;\"><em>Echeverr\u00eda, G\u00fciraldes, Piglia: coincidencias en la ficcionalizaci\u00f3n de la violencia <\/em><span style=\"color: #ffffff;\"><strong><a style=\"color: #ffffff;\" href=\"http:\/\/www.revistaelhipogrifo.com\/wp-content\/uploads\/2015\/12\/280-294.pdf\" rel=\"\">280-294<\/a><\/strong><\/span><\/span><\/h4>\n<h4><span style=\"color: #ffffff;\"><b>\/\/\/ CREACI\u00d3N<\/b><\/span><\/h4>\n<h4><span style=\"color: #10e0b0;\"><strong>Alberto Bejarano (COLOMBIA).<\/strong><\/span> <span style=\"color: #eb158e;\"><em>Sue\u00f1o con Malena <\/em><span style=\"color: #ffffff;\"><strong><a style=\"color: #ffffff;\" href=\"http:\/\/www.revistaelhipogrifo.com\/wp-content\/uploads\/2015\/12\/295-299-1.pdf\" rel=\"\">295-299<\/a><\/strong><\/span><\/span><\/h4>\n<h4><strong><span style=\"color: #10e0b0;\">\u00c1lvaro Mata-Guill\u00e9 (COSTA RICA).<\/span> <\/strong><span style=\"color: #eb158e;\"><em>Un lugar sin nombre <\/em><span style=\"color: #ffffff;\"><strong><a style=\"color: #ffffff;\" href=\"http:\/\/www.revistaelhipogrifo.com\/wp-content\/uploads\/2015\/12\/300-303.pdf\" rel=\"\">300-303<\/a><\/strong><\/span><\/span><\/h4>\n<h4><span style=\"color: #ffffff;\"><b>\/\/\/ RESE\u00d1AS&nbsp;<\/b><\/span><\/h4>\n<h5><strong><span style=\"color: #10e0b0;\">Laura Cilento.<\/span> <\/strong><span style=\"color: #eb158e;\"><em>La mujer que escribi\u00f3 Frankestein, <\/em>de Esther Cross <span style=\"color: #ffffff;\"><strong><a style=\"color: #ffffff;\" href=\"http:\/\/www.revistaelhipogrifo.com\/wp-content\/uploads\/2015\/12\/304-307-1.pdf\" rel=\"\">304-307<\/a><\/strong><\/span><\/span><\/h5>\n<h5><strong><span style=\"color: #10e0b0;\">Giuseppe Gatti Riccardi.<\/span><\/strong> <span style=\"color: #eb158e;\"><em>Kassel no invita a la l\u00f3gica, <\/em>de Enrique Vila-Matas <span style=\"color: #ffffff;\"><strong><a style=\"color: #ffffff;\" href=\"http:\/\/www.revistaelhipogrifo.com\/wp-content\/uploads\/2015\/12\/308-310.pdf\" rel=\"\">308-310<\/a><\/strong><\/span><\/span><\/h5>\n<h5><strong><span style=\"color: #10e0b0;\">Diego Ernesto Parra.<\/span><\/strong> <span style=\"color: #eb158e;\"><em>Fantasmas del desierto, <\/em>de Guillermo Orsi <span style=\"color: #ffffff;\"><strong><a style=\"color: #ffffff;\" href=\"http:\/\/www.revistaelhipogrifo.com\/wp-content\/uploads\/2015\/12\/311-313.pdf\" rel=\"\">311-313<\/a><\/strong><\/span><\/span><\/h5>\n<p>&nbsp;<\/p>\n","protected":false},"excerpt":{"rendered":"<p>ISSN&nbsp;2420-918X&nbsp; \/\/\/ EL HIPOGRIFO HISP\u00c1NICO Vicente de Jes\u00fas Fern\u00e1ndez Mora. El Homenaje de Revueltas a Lorca. Un encuentro entre m\u00fasica y poes\u00eda, arte y pol\u00edtica, nacionalismo y universalismo&nbsp;1-18 Anna Marras.&nbsp;Un joven fauno robusto y violento. Ricerca sulla poesia panica di &hellip; <a href=\"https:\/\/www.revistaelhipogrifo.com\/?page_id=831\">Sigue leyendo <span class=\"meta-nav\">&rarr;<\/span><\/a><\/p>\n","protected":false},"author":2,"featured_media":0,"parent":0,"menu_order":0,"comment_status":"closed","ping_status":"closed","template":"","meta":[],"yoast_head":"<!-- This site is optimized with the Yoast SEO plugin v14.8 - https:\/\/yoast.com\/wordpress\/plugins\/seo\/ -->\n<title>04 [2015] - Cuadernos del Hipogrifo<\/title>\n<meta name=\"robots\" content=\"index, follow\" \/>\n<meta name=\"googlebot\" content=\"index, follow, max-snippet:-1, max-image-preview:large, max-video-preview:-1\" \/>\n<meta name=\"bingbot\" content=\"index, follow, max-snippet:-1, max-image-preview:large, max-video-preview:-1\" \/>\n<link rel=\"canonical\" href=\"https:\/\/www.revistaelhipogrifo.com\/?page_id=831\" \/>\n<meta property=\"og:locale\" content=\"es_ES\" \/>\n<meta property=\"og:type\" content=\"article\" \/>\n<meta property=\"og:title\" content=\"04 [2015] - Cuadernos del Hipogrifo\" \/>\n<meta property=\"og:description\" content=\"ISSN&nbsp;2420-918X&nbsp; \/\/\/ EL HIPOGRIFO HISP\u00c1NICO Vicente de Jes\u00fas Fern\u00e1ndez Mora. El Homenaje de Revueltas a Lorca. Un encuentro entre m\u00fasica y poes\u00eda, arte y pol\u00edtica, nacionalismo y universalismo&nbsp;1-18 Anna Marras.&nbsp;Un joven fauno robusto y violento. Ricerca sulla poesia panica di &hellip; Sigue leyendo &rarr;\" \/>\n<meta property=\"og:url\" content=\"https:\/\/www.revistaelhipogrifo.com\/?page_id=831\" \/>\n<meta property=\"og:site_name\" content=\"Cuadernos del Hipogrifo\" \/>\n<meta property=\"article:modified_time\" content=\"2024-09-18T07:09:56+00:00\" \/>\n<script type=\"application\/ld+json\" class=\"yoast-schema-graph\">{\"@context\":\"https:\/\/schema.org\",\"@graph\":[{\"@type\":\"WebSite\",\"@id\":\"https:\/\/www.revistaelhipogrifo.com\/#website\",\"url\":\"https:\/\/www.revistaelhipogrifo.com\/\",\"name\":\"Cuadernos del Hipogrifo\",\"description\":\"REVISTA SEMESTRAL DE LITERATURA HISPANOAMERICANA Y COMPARADA\",\"potentialAction\":[{\"@type\":\"SearchAction\",\"target\":\"https:\/\/www.revistaelhipogrifo.com\/?s={search_term_string}\",\"query-input\":\"required name=search_term_string\"}],\"inLanguage\":\"es\"},{\"@type\":\"WebPage\",\"@id\":\"https:\/\/www.revistaelhipogrifo.com\/?page_id=831#webpage\",\"url\":\"https:\/\/www.revistaelhipogrifo.com\/?page_id=831\",\"name\":\"04 [2015] - Cuadernos del Hipogrifo\",\"isPartOf\":{\"@id\":\"https:\/\/www.revistaelhipogrifo.com\/#website\"},\"datePublished\":\"2015-12-15T09:41:26+00:00\",\"dateModified\":\"2024-09-18T07:09:56+00:00\",\"inLanguage\":\"es\",\"potentialAction\":[{\"@type\":\"ReadAction\",\"target\":[\"https:\/\/www.revistaelhipogrifo.com\/?page_id=831\"]}]}]}<\/script>\n<!-- \/ Yoast SEO plugin. -->","_links":{"self":[{"href":"https:\/\/www.revistaelhipogrifo.com\/index.php?rest_route=\/wp\/v2\/pages\/831"}],"collection":[{"href":"https:\/\/www.revistaelhipogrifo.com\/index.php?rest_route=\/wp\/v2\/pages"}],"about":[{"href":"https:\/\/www.revistaelhipogrifo.com\/index.php?rest_route=\/wp\/v2\/types\/page"}],"author":[{"embeddable":true,"href":"https:\/\/www.revistaelhipogrifo.com\/index.php?rest_route=\/wp\/v2\/users\/2"}],"replies":[{"embeddable":true,"href":"https:\/\/www.revistaelhipogrifo.com\/index.php?rest_route=%2Fwp%2Fv2%2Fcomments&post=831"}],"version-history":[{"count":80,"href":"https:\/\/www.revistaelhipogrifo.com\/index.php?rest_route=\/wp\/v2\/pages\/831\/revisions"}],"predecessor-version":[{"id":2557,"href":"https:\/\/www.revistaelhipogrifo.com\/index.php?rest_route=\/wp\/v2\/pages\/831\/revisions\/2557"}],"wp:attachment":[{"href":"https:\/\/www.revistaelhipogrifo.com\/index.php?rest_route=%2Fwp%2Fv2%2Fmedia&parent=831"}],"curies":[{"name":"wp","href":"https:\/\/api.w.org\/{rel}","templated":true}]}}